{"id":12346,"date":"2021-09-15T17:45:58","date_gmt":"2021-09-15T10:45:58","guid":{"rendered":"https:\/\/vienthammykhothi.vn\/?page_id=12346"},"modified":"2021-11-22T19:56:08","modified_gmt":"2021-11-22T12:56:08","slug":"khach-hang-noi-tieng","status":"publish","type":"page","link":"https:\/\/dhcs.vn\/vtm\/khach-hang-noi-tieng.html","title":{"rendered":"Kh\u00e1ch h\u00e0ng n\u1ed5i ti\u1ebfng"},"content":{"rendered":"\n\n  <div class=\"banner has-hover\" id=\"banner-1086123299\">\n          <div class=\"banner-inner fill\">\n        <div class=\"banner-bg fill\" >\n            <div class=\"bg fill bg-fill bg-loaded\"><\/div>\n                                    \n                    <\/div>\n        <div class=\"banner-layers container\">\n            <div class=\"fill banner-link\"><\/div>            \n\n\n        <\/div>\n      <\/div>\n\n            \n<style>\n#banner-1086123299 {\n  padding-top: 35%;\n}\n#banner-1086123299 .bg.bg-loaded {\n  background-image: url(https:\/\/dhcs.vn\/vtm\/wp-content\/uploads\/2021\/09\/Nguoi-noi-tieng.jpg);\n}\n#banner-1086123299 .bg {\n  background-position: 41% 54%;\n}\n@media (min-width:550px) {\n  #banner-1086123299 {\n    padding-top: 30%;\n  }\n}\n@media (min-width:850px) {\n  #banner-1086123299 {\n    padding-top: 507px;\n  }\n}\n<\/style>\n  <\/div>\n\n\n\t<div id=\"gap-1005429867\" class=\"gap-element clearfix\" style=\"display:block; height:auto;\">\n\t\t\n<style>\n#gap-1005429867 {\n  padding-top: 20px;\n}\n<\/style>\n\t<\/div>\n\t\n\n<div class=\"row\"  id=\"row-343496812\">\n\n\n\t<div id=\"col-1299865060\" class=\"col small-12 large-12\"  >\n\t\t<div class=\"col-inner\"  >\n\t\t\t\n\t\t\t\n\n<span><span><a href=\"https:\/\/dhcs.vn\/vtm\/\">Trang ch\u1ee7<\/a><\/span>\n\n\t\t<\/div>\n\t\t\t<\/div>\n\n\t\n\n<\/div>\n\t<section class=\"section\" id=\"section_1407438618\">\n\t\t<div class=\"bg section-bg fill bg-fill bg-loaded bg-loaded\" >\n\n\t\t\t\n\t\t\t\n\t\t\t\n\n\t\t<\/div>\n\n\t\t<div class=\"section-content relative\">\n\t\t\t\n\n<div class=\"row align-center\"  id=\"row-802973118\">\n\n\n\t<div id=\"col-2031142825\" class=\"col small-10 large-12\"  >\n\t\t<div class=\"col-inner\"  >\n\t\t\t\n\t\t\t\n\n<h2 class=\"uppercase\" style=\"text-align: center;\"><span style=\"font-size: 120%; color: #d4ab6a;\">VI\u1ec6N TH\u1ea8M M\u1ef8 KH\u01a0 TH\u1eca<\/span><\/h2>\n<p style=\"text-align: center;\"><span style=\"font-weight: 400;\">Tr\u1ebb trung &#8211; n\u0103ng \u0111\u1ed9ng l\u00e0 nh\u1eefng g\u00ec b\u1ea1n nh\u1eadn \u0111\u01b0\u1ee3c khi ch\u1ecdn vi\u1ec7n th\u1ea9m m\u1ef9 Kh\u01a1 Th\u1ecb. Ch\u00ednh v\u00ec th\u1ebf, kh\u00f4ng nh\u1eefng kh\u00e1ch h\u00e0ng tin t\u01b0\u1edfng m\u00e0 r\u1ea5t nhi\u1ec1u ngh\u1ec7 s\u0129 c\u0169ng trao tr\u1ecdn ni\u1ec1m tin v\u1edbi Kh\u01a1 Th\u1ecb nh\u01b0: Ngh\u1ec7 s\u0129 Th\u00e0nh L\u1ed9c, di\u1ec5n vi\u00ean B\u0103ng Di, ca s\u0129 D\u01b0\u01a1ng Tri\u1ec7u V\u0169, si\u00eau m\u1eabu \u0110\u1ee9c Ti\u1ebfn\u2026&nbsp;<\/span><\/p>\n<p style=\"text-align: center;\"><span style=\"font-weight: 400;\">Vi\u1ec7n th\u1ea9m m\u1ef9 Kh\u01a1 Th\u1ecb | Ch\u1ecdn \u0110\u1eb8P v\u00e0 SANG v\u1edbi Kh\u01a1 Th\u1ecb<\/span><\/p>\n\n\t\t<\/div>\n\t\t\t<\/div>\n\n\t\n\n<\/div>\n\n\t\t<\/div>\n\n\t\t\n<style>\n#section_1407438618 {\n  padding-top: 0px;\n  padding-bottom: 0px;\n}\n<\/style>\n\t<\/section>\n\t\n\t<section class=\"section\" id=\"section_129875915\">\n\t\t<div class=\"bg section-bg fill bg-fill bg-loaded bg-loaded\" >\n\n\t\t\t\n\t\t\t\n\t\t\t\n\n\t\t<\/div>\n\n\t\t<div class=\"section-content relative\">\n\t\t\t\n\n<div class=\"container section-title-container\" ><h3 class=\"section-title section-title-bold-center\"><b><\/b><span class=\"section-title-main\" >Ngh\u1ec7 s\u0129 ch\u1ecdn Kh\u01a1 Th\u1ecb<\/span><b><\/b><\/h3><\/div>\n\n<div class=\"row\"  id=\"row-643614720\">\n\n\n\t<div id=\"col-331099045\" class=\"col small-12 large-12\"  >\n\t\t<div class=\"col-inner\"  >\n\t\t\t\n\t\t\t\n\n\t<div class=\"img has-hover x md-x lg-x y md-y lg-y\" id=\"image_310132369\">\n\t\t\t\t\t\t<div data-animate=\"fadeInUp\">\t\t<div class=\"img-inner dark\" >\n\t\t\t<img width=\"1440\" height=\"600\" src=\"https:\/\/dhcs.vn\/vtm\/wp-content\/uploads\/2021\/09\/1.HH-Thu-Hoai.jpg\" class=\"attachment-large size-large\" alt=\"\" loading=\"lazy\" srcset=\"https:\/\/dhcs.vn\/vtm\/wp-content\/uploads\/2021\/09\/1.HH-Thu-Hoai.jpg 1440w, https:\/\/dhcs.vn\/vtm\/wp-content\/uploads\/2021\/09\/1.HH-Thu-Hoai-768x320.jpg 768w\" sizes=\"(max-width: 1440px) 100vw, 1440px\" \/>\t\t\t\t\t\t\n\t\t\t\t\t<\/div>\n\t\t<\/div>\t\t\t\t\t\t\n<style>\n#image_310132369 {\n  width: 100%;\n}\n<\/style>\n\t<\/div>\n\t\n\n\t<div id=\"gap-1701391945\" class=\"gap-element clearfix\" style=\"display:block; height:auto;\">\n\t\t\n<style>\n#gap-1701391945 {\n  padding-top: 10px;\n}\n@media (min-width:550px) {\n  #gap-1701391945 {\n    padding-top: 20px;\n  }\n}\n<\/style>\n\t<\/div>\n\t\n\n\t<div class=\"img has-hover x md-x lg-x y md-y lg-y\" id=\"image_60019477\">\n\t\t\t\t\t\t<div data-animate=\"fadeInUp\">\t\t<div class=\"img-inner dark\" >\n\t\t\t<img width=\"1440\" height=\"600\" src=\"https:\/\/dhcs.vn\/vtm\/wp-content\/uploads\/2021\/09\/2.Danh-ca-Nhu-Quynh.jpg\" class=\"attachment-large size-large\" alt=\"\" loading=\"lazy\" srcset=\"https:\/\/dhcs.vn\/vtm\/wp-content\/uploads\/2021\/09\/2.Danh-ca-Nhu-Quynh.jpg 1440w, https:\/\/dhcs.vn\/vtm\/wp-content\/uploads\/2021\/09\/2.Danh-ca-Nhu-Quynh-768x320.jpg 768w\" sizes=\"(max-width: 1440px) 100vw, 1440px\" \/>\t\t\t\t\t\t\n\t\t\t\t\t<\/div>\n\t\t<\/div>\t\t\t\t\t\t\n<style>\n#image_60019477 {\n  width: 100%;\n}\n<\/style>\n\t<\/div>\n\t\n\n\t<div id=\"gap-594424788\" class=\"gap-element clearfix\" style=\"display:block; height:auto;\">\n\t\t\n<style>\n#gap-594424788 {\n  padding-top: 10px;\n}\n@media (min-width:550px) {\n  #gap-594424788 {\n    padding-top: 20px;\n  }\n}\n<\/style>\n\t<\/div>\n\t\n\n\t<div class=\"img has-hover x md-x lg-x y md-y lg-y\" id=\"image_17019692\">\n\t\t\t\t\t\t<div data-animate=\"fadeInUp\">\t\t<div class=\"img-inner dark\" >\n\t\t\t<img width=\"1440\" height=\"600\" src=\"https:\/\/dhcs.vn\/vtm\/wp-content\/uploads\/2021\/09\/4.NS-Thanh-Loc.jpg\" class=\"attachment-large size-large\" alt=\"\" loading=\"lazy\" srcset=\"https:\/\/dhcs.vn\/vtm\/wp-content\/uploads\/2021\/09\/4.NS-Thanh-Loc.jpg 1440w, https:\/\/dhcs.vn\/vtm\/wp-content\/uploads\/2021\/09\/4.NS-Thanh-Loc-768x320.jpg 768w\" sizes=\"(max-width: 1440px) 100vw, 1440px\" \/>\t\t\t\t\t\t\n\t\t\t\t\t<\/div>\n\t\t<\/div>\t\t\t\t\t\t\n<style>\n#image_17019692 {\n  width: 100%;\n}\n<\/style>\n\t<\/div>\n\t\n\n\t<div id=\"gap-1494635176\" class=\"gap-element clearfix\" style=\"display:block; height:auto;\">\n\t\t\n<style>\n#gap-1494635176 {\n  padding-top: 10px;\n}\n@media (min-width:550px) {\n  #gap-1494635176 {\n    padding-top: 20px;\n  }\n}\n<\/style>\n\t<\/div>\n\t\n\n\t<div class=\"img has-hover x md-x lg-x y md-y lg-y\" id=\"image_167318835\">\n\t\t\t\t\t\t<div data-animate=\"fadeInUp\">\t\t<div class=\"img-inner dark\" >\n\t\t\t<img width=\"1440\" height=\"600\" src=\"https:\/\/dhcs.vn\/vtm\/wp-content\/uploads\/2021\/09\/3.CS-Duong-Trieu-Vu.jpg\" class=\"attachment-large size-large\" alt=\"\" loading=\"lazy\" srcset=\"https:\/\/dhcs.vn\/vtm\/wp-content\/uploads\/2021\/09\/3.CS-Duong-Trieu-Vu.jpg 1440w, https:\/\/dhcs.vn\/vtm\/wp-content\/uploads\/2021\/09\/3.CS-Duong-Trieu-Vu-768x320.jpg 768w\" sizes=\"(max-width: 1440px) 100vw, 1440px\" \/>\t\t\t\t\t\t\n\t\t\t\t\t<\/div>\n\t\t<\/div>\t\t\t\t\t\t\n<style>\n#image_167318835 {\n  width: 100%;\n}\n<\/style>\n\t<\/div>\n\t\n\n\t<div id=\"gap-1763502075\" class=\"gap-element clearfix\" style=\"display:block; height:auto;\">\n\t\t\n<style>\n#gap-1763502075 {\n  padding-top: 10px;\n}\n@media (min-width:550px) {\n  #gap-1763502075 {\n    padding-top: 20px;\n  }\n}\n<\/style>\n\t<\/div>\n\t\n\n\t<div class=\"img has-hover x md-x lg-x y md-y lg-y\" id=\"image_1271133160\">\n\t\t\t\t\t\t<div data-animate=\"fadeInUp\">\t\t<div class=\"img-inner dark\" >\n\t\t\t<img width=\"1440\" height=\"600\" src=\"https:\/\/dhcs.vn\/vtm\/wp-content\/uploads\/2021\/09\/5.Son-Doan.jpg\" class=\"attachment-large size-large\" alt=\"\" loading=\"lazy\" srcset=\"https:\/\/dhcs.vn\/vtm\/wp-content\/uploads\/2021\/09\/5.Son-Doan.jpg 1440w, https:\/\/dhcs.vn\/vtm\/wp-content\/uploads\/2021\/09\/5.Son-Doan-768x320.jpg 768w\" sizes=\"(max-width: 1440px) 100vw, 1440px\" \/>\t\t\t\t\t\t\n\t\t\t\t\t<\/div>\n\t\t<\/div>\t\t\t\t\t\t\n<style>\n#image_1271133160 {\n  width: 100%;\n}\n<\/style>\n\t<\/div>\n\t\n\n\n\t\t<\/div>\n\t\t\t<\/div>\n\n\t\n\n<\/div>\n\n\t\t<\/div>\n\n\t\t\n<style>\n#section_129875915 {\n  padding-top: 0px;\n  padding-bottom: 0px;\n}\n<\/style>\n\t<\/section>\n\t\n\t<section class=\"section\" id=\"section_1387366470\">\n\t\t<div class=\"bg section-bg fill bg-fill bg-loaded bg-loaded\" >\n\n\t\t\t\n\t\t\t\n\t\t\t\n\n\t\t<\/div>\n\n\t\t<div class=\"section-content relative\">\n\t\t\t\n\n<div class=\"container section-title-container\" ><h3 class=\"section-title section-title-bold-center\"><b><\/b><span class=\"section-title-main\" >Uy t\u00edn - An to\u00e0n - Hi\u1ec7u qu\u1ea3<\/span><b><\/b><\/h3><\/div>\n\n<div class=\"row\"  id=\"row-1360350350\">\n\n\n\t<div id=\"col-139072980\" class=\"col medium-4 small-12 large-4\"  >\n\t\t<div class=\"col-inner\"  >\n\t\t\t\n\t\t\t\n\n<div class=\"video video-fit mb\" style=\"padding-top:56.25%;\"><iframe loading=\"lazy\" title=\"NS\u01afT TH\u00c0NH L\u1ed8C L\u1ea6N \u0110\u1ea6U TI\u00caN TI\u1ebeT L\u1ed8 V\u1ec0 M\u00c1I T\u00d3C C\u1ee6A M\u00ccNH\" width=\"1020\" height=\"574\" src=\"https:\/\/www.youtube.com\/embed\/ehd6fgc8ypg?feature=oembed\" frameborder=\"0\" allow=\"accelerometer; autoplay; clipboard-write; encrypted-media; gyroscope; picture-in-picture\" allowfullscreen><\/iframe><\/div>\n\n<div class=\"video video-fit mb\" style=\"padding-top:56.25%;\"><p><iframe loading=\"lazy\" title=\"Ta\u0323o m\u0103\u0323t V-Line Nhanh Ch\u00f3ng V\u1edbi C\u00f4ng Ngh\u1ec7 90&quot; V-Lift\" width=\"1020\" height=\"574\" src=\"https:\/\/www.youtube.com\/embed\/SeMhWX4ZPAc?feature=oembed\" frameborder=\"0\" allow=\"accelerometer; autoplay; clipboard-write; encrypted-media; gyroscope; picture-in-picture\" allowfullscreen><\/iframe><\/p>\n<\/div>\n\n<div class=\"video video-fit mb\" style=\"padding-top:56.25%;\"><p><iframe loading=\"lazy\" title=\"Ngh\u1ec7 s\u0129 h\u00e0i L\u00ea Giang m\u00e1ch b\u00ed quy\u1ebft kh\u00f4ng &quot;dao k\u00e9o&quot; v\u1eabn tr\u1ebb trung\" width=\"1020\" height=\"574\" src=\"https:\/\/www.youtube.com\/embed\/ASJwaJhaJlI?feature=oembed\" frameborder=\"0\" allow=\"accelerometer; autoplay; clipboard-write; encrypted-media; gyroscope; picture-in-picture\" allowfullscreen><\/iframe><\/p>\n<\/div>\n\n<div class=\"video video-fit mb\" style=\"padding-top:56.25%;\"><p><iframe loading=\"lazy\" title=\"B\u00cd M\u1eacT \u0110\u1eb0NG SAU DI\u1ec6N M\u1ea0O TR\u1eba TRUNG B\u1ea4T NG\u1edc C\u1ee6A NS\u01afT KIM T\u1eec LONG\" width=\"1020\" height=\"574\" src=\"https:\/\/www.youtube.com\/embed\/qHyYtCEQEFo?feature=oembed\" frameborder=\"0\" allow=\"accelerometer; autoplay; clipboard-write; encrypted-media; gyroscope; picture-in-picture\" allowfullscreen><\/iframe><\/p>\n<\/div>\n\n<div class=\"video video-fit mb\" style=\"padding-top:56.25%;\"><p><iframe loading=\"lazy\" title=\"C\u00f9ng H\u1ea0 VI Ch\u0103m S\u00f3c Da - T\u1eafm Tr\u1eafng - C\u0103ng b\u00f3ng da T\u1ea1i Vi\u1ec7n Th\u1ea9m M\u1ef9  KH\u01a0 TH\u1eca\" width=\"1020\" height=\"574\" src=\"https:\/\/www.youtube.com\/embed\/PRzKm9SH2L4?feature=oembed\" frameborder=\"0\" allow=\"accelerometer; autoplay; clipboard-write; encrypted-media; gyroscope; picture-in-picture\" allowfullscreen><\/iframe><\/p>\n<\/div>\n\n\n\t\t<\/div>\n\t\t\t<\/div>\n\n\t\n\n\t<div id=\"col-1544222942\" class=\"col medium-4 small-12 large-4\"  >\n\t\t<div class=\"col-inner\"  >\n\t\t\t\n\t\t\t\n\n<div class=\"video video-fit mb\" style=\"padding-top:56.25%;\"><p><iframe loading=\"lazy\" title=\"B\u1ea4T NG\u1edc NH\u00c0 T\u1ea0O M\u1eaaU T\u00d3C \u0110I C\u1ea4Y T\u00d3C\" width=\"1020\" height=\"574\" src=\"https:\/\/www.youtube.com\/embed\/S0GXoXgT7us?feature=oembed\" frameborder=\"0\" allow=\"accelerometer; autoplay; clipboard-write; encrypted-media; gyroscope; picture-in-picture\" allowfullscreen><\/iframe><\/p>\n<\/div>\n\n<div class=\"video video-fit mb\" style=\"padding-top:56.25%;\"><p><iframe loading=\"lazy\" title=\"NS\u01afT TH\u00c0NH L\u1ed8C B\u1ea4T NG\u1edc CHIA S\u1eba C\u00c1CH TR\u1eba RA 15 TU\u1ed4I CH\u1ec8 SAU 1 TU\u1ea6N\" width=\"1020\" height=\"574\" src=\"https:\/\/www.youtube.com\/embed\/wr-amO3UVq0?feature=oembed\" frameborder=\"0\" allow=\"accelerometer; autoplay; clipboard-write; encrypted-media; gyroscope; picture-in-picture\" allowfullscreen><\/iframe><\/p>\n<\/div>\n\n<div class=\"video video-fit mb\" style=\"padding-top:56.25%;\"><p><iframe loading=\"lazy\" title=\"JAY QU\u00c2N T\u1eea GI\u00c3 QU\u1ea6NG TH\u00c2M M\u1eaeT \u201cG\u1ea4U TR\u00daC\u201d B\u1eb0NG C\u00d4NG NGH\u1ec6 TI\u00caM X\u00d3A TH\u00c2M M\u1eaeT\" width=\"1020\" height=\"574\" src=\"https:\/\/www.youtube.com\/embed\/ONx6JqPLvRc?feature=oembed\" frameborder=\"0\" allow=\"accelerometer; autoplay; clipboard-write; encrypted-media; gyroscope; picture-in-picture\" allowfullscreen><\/iframe><\/p>\n<\/div>\n\n<div class=\"video video-fit mb\" style=\"padding-top:56.25%;\"><p><iframe loading=\"lazy\" title=\"HOA H\u1eacU THU HO\u00c0I CHIA S\u1eba B\u00cd QUY\u1ebeT TR\u1eba 15 TU\u1ed4I B\u1eb0NG C\u00d4NG NGH\u1ec6 ULTHERAPY\" width=\"1020\" height=\"574\" src=\"https:\/\/www.youtube.com\/embed\/syWcCO8m-HM?feature=oembed\" frameborder=\"0\" allow=\"accelerometer; autoplay; clipboard-write; encrypted-media; gyroscope; picture-in-picture\" allowfullscreen><\/iframe><\/p>\n<\/div>\n\n<div class=\"video video-fit mb\" style=\"padding-top:56.25%;\"><p><iframe loading=\"lazy\" title=\"Ch\u00fang Huy\u1ec1n Thanh Tr\u1ea3i Nghi\u1ec7m Ph\u01b0\u01a1ng Ph\u00e1p L\u00e0m \u0110\u1eb9p T\u1eeb N\u1ecdc R\u1eafn\" width=\"1020\" height=\"574\" src=\"https:\/\/www.youtube.com\/embed\/d5e6gRYCNC8?feature=oembed\" frameborder=\"0\" allow=\"accelerometer; autoplay; clipboard-write; encrypted-media; gyroscope; picture-in-picture\" allowfullscreen><\/iframe><\/p>\n<\/div>\n\n\n\t\t<\/div>\n\t\t\t<\/div>\n\n\t\n\n\t<div id=\"col-50153791\" class=\"col medium-4 small-12 large-4\"  >\n\t\t<div class=\"col-inner\"  >\n\t\t\t\n\t\t\t\n\n<div class=\"video video-fit mb\" style=\"padding-top:56.25%;\"><p><iframe loading=\"lazy\" title=\"Ca S\u0129 D\u01b0\u01a1ng Tri\u1ec7u V\u0169 Th\u00e0nh C\u00f4ng V\u1edbi C\u00f4ng ngh\u1ec7 c\u1ea5y t\u00f3c t\u1ef1 th\u00e2n Hair Balance\" width=\"1020\" height=\"574\" src=\"https:\/\/www.youtube.com\/embed\/B4IorEPkoo4?feature=oembed\" frameborder=\"0\" allow=\"accelerometer; autoplay; clipboard-write; encrypted-media; gyroscope; picture-in-picture\" allowfullscreen><\/iframe><\/p>\n<\/div>\n\n<div class=\"video video-fit mb\" style=\"padding-top:56.25%;\"><p><iframe loading=\"lazy\" title=\"Si\u00eau m\u1eabu C\u00f9 Ng\u1ecdc Qu\u00fd \u0111ua theo m\u1ed1t nhu\u1ed9m da n\u00e2u \u0111\u1ec3 h\u00e8 n\u00e0y th\u1eadt sexy r\u00e1m n\u1eafng\" width=\"1020\" height=\"574\" src=\"https:\/\/www.youtube.com\/embed\/IEzv437hZpM?feature=oembed\" frameborder=\"0\" allow=\"accelerometer; autoplay; clipboard-write; encrypted-media; gyroscope; picture-in-picture\" allowfullscreen><\/iframe><\/p>\n<\/div>\n\n<div class=\"video video-fit mb\" style=\"padding-top:56.25%;\"><p><iframe loading=\"lazy\" title=\"DI\u1ec4N VI\u00caN L\u01af\u01a0NG \u00c1NH NG\u1eccC S\u1eecA L\u1ea0I M\u0168I H\u1eceNG V\u00c0 C\u00c1I K\u1ebeT TH\u1eacT B\u1ea4T NG\u1edc!\" width=\"1020\" height=\"574\" src=\"https:\/\/www.youtube.com\/embed\/2874WcSHlGs?feature=oembed\" frameborder=\"0\" allow=\"accelerometer; autoplay; clipboard-write; encrypted-media; gyroscope; picture-in-picture\" allowfullscreen><\/iframe><\/p>\n<\/div>\n\n<div class=\"video video-fit mb\" style=\"padding-top:56.25%;\"><p><iframe loading=\"lazy\" title=\"T\u1ef0 TIN H\u01a0N V\u1edaI L\u00c0N DA TR\u1eaeNG H\u1ed2NG C\u00d9NG MIRACLE BED\" width=\"1020\" height=\"574\" src=\"https:\/\/www.youtube.com\/embed\/mfaPmiQFxT4?feature=oembed\" frameborder=\"0\" allow=\"accelerometer; autoplay; clipboard-write; encrypted-media; gyroscope; picture-in-picture\" allowfullscreen><\/iframe><\/p>\n<\/div>\n\n\n\t\t<\/div>\n\t\t\t<\/div>\n\n\t\n\n<\/div>\n\n\t\t<\/div>\n\n\t\t\n<style>\n#section_1387366470 {\n  padding-top: 0px;\n  padding-bottom: 0px;\n}\n<\/style>\n\t<\/section>\n\t\n","protected":false},"excerpt":{"rendered":"","protected":false},"author":1,"featured_media":0,"parent":0,"menu_order":0,"comment_status":"closed","ping_status":"closed","template":"","meta":[],"yoast_head":"<!-- This site is optimized with the Yoast SEO Premium plugin v17.9 (Yoast SEO v17.9) - https:\/\/yoast.com\/wordpress\/plugins\/seo\/ -->\n<title>Kh\u00e1ch h\u00e0ng n\u1ed5i ti\u1ebfng<\/title>\n<meta name=\"robots\" content=\"index, follow, max-snippet:-1, max-image-preview:large, max-video-preview:-1\" \/>\n<link rel=\"canonical\" href=\"https:\/\/dhcs.vn\/vtm\/khach-hang-noi-tieng.html\" \/>\n<meta property=\"og:locale\" content=\"vi_VN\" \/>\n<meta property=\"og:type\" content=\"article\" \/>\n<meta property=\"og:title\" content=\"Kh\u00e1ch h\u00e0ng n\u1ed5i ti\u1ebfng\" \/>\n<meta property=\"og:url\" content=\"https:\/\/dhcs.vn\/vtm\/khach-hang-noi-tieng.html\" \/>\n<meta property=\"og:site_name\" content=\"VTM Kh\u01a1 Th\u1ecb\" \/>\n<meta property=\"article:publisher\" content=\"https:\/\/www.facebook.com\/vienthammykhothi\" \/>\n<meta property=\"article:modified_time\" content=\"2021-11-22T12:56:08+00:00\" \/>\n<meta property=\"og:image\" content=\"https:\/\/dhcs.vn\/vtm\/wp-content\/uploads\/2021\/11\/Nghe-sy-doanh-nhan_Mobile-1024x1024-1.jpg\" \/>\n\t<meta property=\"og:image:width\" content=\"1024\" \/>\n\t<meta property=\"og:image:height\" content=\"1024\" \/>\n\t<meta property=\"og:image:type\" content=\"image\/jpeg\" \/>\n<meta name=\"twitter:card\" content=\"summary_large_image\" \/>\n<meta name=\"twitter:label1\" content=\"\u01af\u1edbc t\u00ednh th\u1eddi gian \u0111\u1ecdc\" \/>\n\t<meta name=\"twitter:data1\" content=\"2 ph\u00fat\" \/>\n<script type=\"application\/ld+json\" class=\"yoast-schema-graph\">{\"@context\":\"https:\/\/schema.org\",\"@graph\":[{\"@type\":\"Organization\",\"@id\":\"https:\/\/dhcs.vn\/vtm\/#organization\",\"name\":\"Vi\\u1ec7n Th\\u1ea9m M\\u1ef9 Kh\\u01a1 Th\\u1ecb\",\"url\":\"https:\/\/dhcs.vn\/vtm\/\",\"sameAs\":[\"https:\/\/www.facebook.com\/vienthammykhothi\",\"https:\/\/www.youtube.com\/channel\/UCa27aWCwXej33_Cq5c3zFwA\"],\"logo\":{\"@type\":\"ImageObject\",\"@id\":\"https:\/\/dhcs.vn\/vtm\/#logo\",\"inLanguage\":\"vi\",\"url\":\"https:\/\/dhcs.vn\/vtm\/wp-content\/uploads\/2021\/07\/logo.png\",\"contentUrl\":\"https:\/\/dhcs.vn\/vtm\/wp-content\/uploads\/2021\/07\/logo.png\",\"width\":218,\"height\":107,\"caption\":\"Vi\\u1ec7n Th\\u1ea9m M\\u1ef9 Kh\\u01a1 Th\\u1ecb\"},\"image\":{\"@id\":\"https:\/\/dhcs.vn\/vtm\/#logo\"}},{\"@type\":\"WebSite\",\"@id\":\"https:\/\/dhcs.vn\/vtm\/#website\",\"url\":\"https:\/\/dhcs.vn\/vtm\/\",\"name\":\"VTM Kh\\u01a1 Th\\u1ecb\",\"description\":\"\",\"publisher\":{\"@id\":\"https:\/\/dhcs.vn\/vtm\/#organization\"},\"potentialAction\":[{\"@type\":\"SearchAction\",\"target\":{\"@type\":\"EntryPoint\",\"urlTemplate\":\"https:\/\/dhcs.vn\/vtm\/?s={search_term_string}\"},\"query-input\":\"required name=search_term_string\"}],\"inLanguage\":\"vi\"},{\"@type\":\"WebPage\",\"@id\":\"https:\/\/dhcs.vn\/vtm\/khach-hang-noi-tieng.html#webpage\",\"url\":\"https:\/\/dhcs.vn\/vtm\/khach-hang-noi-tieng.html\",\"name\":\"Kh\\u00e1ch h\\u00e0ng n\\u1ed5i ti\\u1ebfng\",\"isPartOf\":{\"@id\":\"https:\/\/dhcs.vn\/vtm\/#website\"},\"datePublished\":\"2021-09-15T10:45:58+00:00\",\"dateModified\":\"2021-11-22T12:56:08+00:00\",\"breadcrumb\":{\"@id\":\"https:\/\/dhcs.vn\/vtm\/khach-hang-noi-tieng.html#breadcrumb\"},\"inLanguage\":\"vi\",\"potentialAction\":[{\"@type\":\"ReadAction\",\"target\":[\"https:\/\/dhcs.vn\/vtm\/khach-hang-noi-tieng.html\"]}]},{\"@type\":\"BreadcrumbList\",\"@id\":\"https:\/\/dhcs.vn\/vtm\/khach-hang-noi-tieng.html#breadcrumb\",\"itemListElement\":[{\"@type\":\"ListItem\",\"position\":1,\"name\":\"Trang ch\\u1ee7\",\"item\":\"https:\/\/dhcs.vn\/vtm\/\"},{\"@type\":\"ListItem\",\"position\":2,\"name\":\"Kh\\u00e1ch h\\u00e0ng n\\u1ed5i ti\\u1ebfng\"}]}]}<\/script>\n<!-- \/ Yoast SEO Premium plugin. -->","yoast_head_json":{"title":"Kh\u00e1ch h\u00e0ng n\u1ed5i ti\u1ebfng","robots":{"index":"index","follow":"follow","max-snippet":"max-snippet:-1","max-image-preview":"max-image-preview:large","max-video-preview":"max-video-preview:-1"},"canonical":"https:\/\/dhcs.vn\/vtm\/khach-hang-noi-tieng.html","og_locale":"vi_VN","og_type":"article","og_title":"Kh\u00e1ch h\u00e0ng n\u1ed5i ti\u1ebfng","og_url":"https:\/\/dhcs.vn\/vtm\/khach-hang-noi-tieng.html","og_site_name":"VTM Kh\u01a1 Th\u1ecb","article_publisher":"https:\/\/www.facebook.com\/vienthammykhothi","article_modified_time":"2021-11-22T12:56:08+00:00","og_image":[{"width":1024,"height":1024,"url":"https:\/\/dhcs.vn\/vtm\/wp-content\/uploads\/2021\/11\/Nghe-sy-doanh-nhan_Mobile-1024x1024-1.jpg","type":"image\/jpeg"}],"twitter_card":"summary_large_image","twitter_misc":{"\u01af\u1edbc t\u00ednh th\u1eddi gian \u0111\u1ecdc":"2 ph\u00fat"},"schema":{"@context":"https:\/\/schema.org","@graph":[{"@type":"Organization","@id":"https:\/\/dhcs.vn\/vtm\/#organization","name":"Vi\u1ec7n Th\u1ea9m M\u1ef9 Kh\u01a1 Th\u1ecb","url":"https:\/\/dhcs.vn\/vtm\/","sameAs":["https:\/\/www.facebook.com\/vienthammykhothi","https:\/\/www.youtube.com\/channel\/UCa27aWCwXej33_Cq5c3zFwA"],"logo":{"@type":"ImageObject","@id":"https:\/\/dhcs.vn\/vtm\/#logo","inLanguage":"vi","url":"https:\/\/dhcs.vn\/vtm\/wp-content\/uploads\/2021\/07\/logo.png","contentUrl":"https:\/\/dhcs.vn\/vtm\/wp-content\/uploads\/2021\/07\/logo.png","width":218,"height":107,"caption":"Vi\u1ec7n Th\u1ea9m M\u1ef9 Kh\u01a1 Th\u1ecb"},"image":{"@id":"https:\/\/dhcs.vn\/vtm\/#logo"}},{"@type":"WebSite","@id":"https:\/\/dhcs.vn\/vtm\/#website","url":"https:\/\/dhcs.vn\/vtm\/","name":"VTM Kh\u01a1 Th\u1ecb","description":"","publisher":{"@id":"https:\/\/dhcs.vn\/vtm\/#organization"},"potentialAction":[{"@type":"SearchAction","target":{"@type":"EntryPoint","urlTemplate":"https:\/\/dhcs.vn\/vtm\/?s={search_term_string}"},"query-input":"required name=search_term_string"}],"inLanguage":"vi"},{"@type":"WebPage","@id":"https:\/\/dhcs.vn\/vtm\/khach-hang-noi-tieng.html#webpage","url":"https:\/\/dhcs.vn\/vtm\/khach-hang-noi-tieng.html","name":"Kh\u00e1ch h\u00e0ng n\u1ed5i ti\u1ebfng","isPartOf":{"@id":"https:\/\/dhcs.vn\/vtm\/#website"},"datePublished":"2021-09-15T10:45:58+00:00","dateModified":"2021-11-22T12:56:08+00:00","breadcrumb":{"@id":"https:\/\/dhcs.vn\/vtm\/khach-hang-noi-tieng.html#breadcrumb"},"inLanguage":"vi","potentialAction":[{"@type":"ReadAction","target":["https:\/\/dhcs.vn\/vtm\/khach-hang-noi-tieng.html"]}]},{"@type":"BreadcrumbList","@id":"https:\/\/dhcs.vn\/vtm\/khach-hang-noi-tieng.html#breadcrumb","itemListElement":[{"@type":"ListItem","position":1,"name":"Trang ch\u1ee7","item":"https:\/\/dhcs.vn\/vtm\/"},{"@type":"ListItem","position":2,"name":"Kh\u00e1ch h\u00e0ng n\u1ed5i ti\u1ebfng"}]}]}},"_links":{"self":[{"href":"https:\/\/dhcs.vn\/vtm\/wp-json\/wp\/v2\/pages\/12346"}],"collection":[{"href":"https:\/\/dhcs.vn\/vtm\/wp-json\/wp\/v2\/pages"}],"about":[{"href":"https:\/\/dhcs.vn\/vtm\/wp-json\/wp\/v2\/types\/page"}],"author":[{"embeddable":true,"href":"https:\/\/dhcs.vn\/vtm\/wp-json\/wp\/v2\/users\/1"}],"replies":[{"embeddable":true,"href":"https:\/\/dhcs.vn\/vtm\/wp-json\/wp\/v2\/comments?post=12346"}],"version-history":[{"count":26,"href":"https:\/\/dhcs.vn\/vtm\/wp-json\/wp\/v2\/pages\/12346\/revisions"}],"predecessor-version":[{"id":13224,"href":"https:\/\/dhcs.vn\/vtm\/wp-json\/wp\/v2\/pages\/12346\/revisions\/13224"}],"wp:attachment":[{"href":"https:\/\/dhcs.vn\/vtm\/wp-json\/wp\/v2\/media?parent=12346"}],"curies":[{"name":"wp","href":"https:\/\/api.w.org\/{rel}","templated":true}]}}