{"id":2844,"date":"2013-08-11T19:22:53","date_gmt":"2013-08-11T19:22:53","guid":{"rendered":"http:\/\/localhost:8888\/test\/?page_id=532"},"modified":"2021-09-15T23:29:50","modified_gmt":"2021-09-15T16:29:50","slug":"lien-he","status":"publish","type":"page","link":"https:\/\/dhcs.vn\/vtm\/lien-he.html","title":{"rendered":"Li\u00ean h\u1ec7"},"content":{"rendered":"\n\t<div class=\"img has-hover x md-x lg-x y md-y lg-y\" id=\"image_1261977936\">\n\t\t\t\t\t\t\t\t<div class=\"img-inner dark\" >\n\t\t\t<img width=\"1920\" height=\"400\" src=\"https:\/\/dhcs.vn\/vtm\/wp-content\/uploads\/2021\/09\/166664111_39500059k45037816l_6182927924136081247_n-2.jpg\" class=\"attachment-original size-original\" alt=\"\" loading=\"lazy\" srcset=\"https:\/\/dhcs.vn\/vtm\/wp-content\/uploads\/2021\/09\/166664111_39500059k45037816l_6182927924136081247_n-2.jpg 1920w, https:\/\/dhcs.vn\/vtm\/wp-content\/uploads\/2021\/09\/166664111_39500059k45037816l_6182927924136081247_n-2-768x160.jpg 768w, https:\/\/dhcs.vn\/vtm\/wp-content\/uploads\/2021\/09\/166664111_39500059k45037816l_6182927924136081247_n-2-1536x320.jpg 1536w\" sizes=\"(max-width: 1920px) 100vw, 1920px\" \/>\t\t\t\t\t\t\n\t\t\t\t\t<\/div>\n\t\t\t\t\t\t\t\t\n<style>\n#image_1261977936 {\n  width: 100%;\n}\n<\/style>\n\t<\/div>\n\t\n\n<div class=\"row row-large\" style=\"max-width:\" id=\"row-1380738175\">\n\n\n\t<div id=\"col-1289541199\" class=\"col small-12 large-12\"  >\n\t\t<div class=\"col-inner\"  >\n\t\t\t\n\t\t\t\n\n\t<div id=\"gap-1673860331\" class=\"gap-element clearfix\" style=\"display:block; height:auto;\">\n\t\t\n<style>\n#gap-1673860331 {\n  padding-top: 30px;\n}\n<\/style>\n\t<\/div>\n\t\n\n\n\t\t<\/div>\n\t\t\t<\/div>\n\n\t\n\n\t<div id=\"col-1653145116\" class=\"col small-12 large-12\"  >\n\t\t<div class=\"col-inner\" style=\"background-color:rgb(255, 255, 255);\" >\n\t\t\t\n\t\t\t\n\n<div class=\"row row-collapse row-full-width\"  id=\"row-1191805726\">\n\n\n\t<div id=\"col-1221879427\" class=\"col medium-12 small-12 large-5\"  >\n\t\t<div class=\"col-inner\"  >\n\t\t\t\n\t\t\t\n\n<p><span style=\"font-size: 200%; color: #d4ab6a;\"><strong>Vi\u1ec7n th\u1ea9m m\u1ef9 Kh\u01a1 Th\u1ecb<\/strong><\/span><\/p>\n<p>G\u1ea7n 2 th\u1eadp k\u1ef7 h\u00ecnh th\u00e0nh v\u00e0 t\u1ea1o d\u1ef1ng t\u00ean tu\u1ed5i, c\u00f9ng \u0111\u1ed9i ng\u0169 y b\u00e1c s\u0129 chuy\u00ean m\u00f4n cao c\u1ea3 trong v\u00e0 ngo\u00e0i n\u01b0\u1edbc nh\u01b0: M\u1ef9, Australia, Singapore, H\u00e0n Qu\u1ed1c, \u0110\u00e0i Loan,\u2026 Kh\u01a1 Th\u1ecb t\u1ef1 h\u00e0o l\u00e0 th\u01b0\u01a1ng hi\u1ec7u ti\u00ean phong gi\u00fap b\u1ea1n \u0111\u00e1nh th\u1ee9c v\u1ebb \u0111\u1eb9p r\u1ea1ng ng\u1eddi.<\/p>\n<p style=\"color: #444444;\"><i class=\"fas fa-phone\" style=\"font-size: 14px; color: #d4ab6a;\"><\/i>&nbsp; (028) 7308 6079 &#8211; 0909 633 133<\/p>\n<p style=\"color: #444444;\"><i class=\"fas fa-map-marker-alt\" style=\"font-size: 14px; color: #d4ab6a;\"><\/i>&nbsp; &nbsp;222 Tr\u1ea7n H\u01b0ng \u0110\u1ea1o, Ph\u01b0\u1eddng Nguy\u1ec5n C\u01b0 Trinh, Qu\u1eadn 1, H\u1ed3 Ch\u00ed Minh<\/p>\n\n\t\t<\/div>\n\t\t\n<style>\n#col-1221879427 > .col-inner {\n  padding: 0px 0px 0px 20px;\n}\n<\/style>\n\t<\/div>\n\n\t\n\n\t<div id=\"col-123811378\" class=\"col medium-3 small-12 large-3\"  >\n\t\t<div class=\"col-inner\"  >\n\t\t\t\n\t\t\t\n\n<p><span style=\"font-size: 200%; color: #444444;\"><strong>Gi\u1edd ho\u1ea1t \u0111\u1ed9ng<\/strong><\/span><\/p>\n<p style=\"color: #444444;\">Th\u1ee9 Hai:&nbsp; &nbsp; &nbsp; &nbsp; &nbsp; &nbsp;8:00 &#8211; 20:00<\/p>\n<p>Th\u1ee9 Ba:&nbsp; &nbsp; &nbsp; &nbsp; &nbsp; &nbsp; 8:00 &#8211; 20:00<\/p>\n<p>Th\u1ee9 T\u01b0:&nbsp; &nbsp; &nbsp; &nbsp; &nbsp; &nbsp; 8:00 &#8211; 20:00<\/p>\n<p>Th\u1ee9 N\u0103m:&nbsp; &nbsp; &nbsp; &nbsp; 8:00 &#8211; 20:00<\/p>\n<p>Th\u1ee9 S\u00e1u:&nbsp; &nbsp; &nbsp; &nbsp; &nbsp; 8:00 &#8211; 20:00<\/p>\n<p>Th\u1ee9 B\u1ea3y:&nbsp; &nbsp; &nbsp; &nbsp; &nbsp; 8:00 &#8211; 20:00<\/p>\n<p>Ch\u1ee7 Nh\u1eadt:&nbsp; &nbsp; &nbsp; &nbsp; 8:00 &#8211; 20:00<\/p>\n<p>&nbsp;<\/p>\n\n\t\t<\/div>\n\t\t\t<\/div>\n\n\t\n\n\t<div id=\"col-2115555209\" class=\"col medium-12 small-12 large-4\"  >\n\t\t<div class=\"col-inner\" style=\"background-color:rgb(250, 238, 220);border-radius:10px;\" >\n\t\t\t\n\t\t\t\n\n\t<div id=\"gap-143593276\" class=\"gap-element clearfix\" style=\"display:block; height:auto;\">\n\t\t\n<style>\n#gap-143593276 {\n  padding-top: 30px;\n}\n<\/style>\n\t<\/div>\n\t\n\n<div role=\"form\" class=\"wpcf7\" id=\"wpcf7-f11021-o1\" lang=\"en-US\" dir=\"ltr\">\n<div class=\"screen-reader-response\"><p role=\"status\" aria-live=\"polite\" aria-atomic=\"true\"><\/p> <ul><\/ul><\/div>\n<form action=\"\/vtm\/wp-json\/wp\/v2\/pages\/2844#wpcf7-f11021-o1\" method=\"post\" class=\"wpcf7-form init\" novalidate=\"novalidate\" data-status=\"init\">\n<div style=\"display: none;\">\n<input type=\"hidden\" name=\"_wpcf7\" value=\"11021\" \/>\n<input type=\"hidden\" name=\"_wpcf7_version\" value=\"5.3\" \/>\n<input type=\"hidden\" name=\"_wpcf7_locale\" value=\"en_US\" \/>\n<input type=\"hidden\" name=\"_wpcf7_unit_tag\" value=\"wpcf7-f11021-o1\" \/>\n<input type=\"hidden\" name=\"_wpcf7_container_post\" value=\"0\" \/>\n<input type=\"hidden\" name=\"_wpcf7_posted_data_hash\" value=\"\" \/>\n<\/div>\n<p><label><br \/>\n    <span class=\"wpcf7-form-control-wrap your-name\"><input type=\"text\" name=\"your-name\" value=\"\" size=\"40\" class=\"wpcf7-form-control wpcf7-text wpcf7-validates-as-required\" aria-required=\"true\" aria-invalid=\"false\" placeholder=\"H\u1ecd &amp; t\u00ean\" \/><\/span> <\/label><\/p>\n<p><label><br \/>\n    <span class=\"wpcf7-form-control-wrap phone\"><input type=\"text\" name=\"phone\" value=\"\" size=\"40\" class=\"wpcf7-form-control wpcf7-text wpcf7-validates-as-required\" aria-required=\"true\" aria-invalid=\"false\" placeholder=\"S\u1ed1 \u0111i\u1ec7n tho\u1ea1i\" \/><\/span> <\/label><\/p>\n<p><label><br \/>\n    <span class=\"wpcf7-form-control-wrap your-message\"><textarea name=\"your-message\" cols=\"40\" rows=\"10\" class=\"wpcf7-form-control wpcf7-textarea\" aria-invalid=\"false\" placeholder=\"N\u1ed9i dung\"><\/textarea><\/span> <\/label><br \/>\n    <input type=\"submit\" value=\"G\u1eecI\" class=\"wpcf7-form-control wpcf7-submit button\" \/><\/p>\n<input type='hidden' class='wpcf7-pum' value='{\"closepopup\":false,\"closedelay\":0,\"openpopup\":false,\"openpopup_id\":0}' \/><div class=\"wpcf7-response-output\" aria-hidden=\"true\"><\/div><\/form><\/div>\n\n\n\t\t<\/div>\n\t\t\t<\/div>\n\n\t\n\n\n<style>\n#row-1191805726 > .col > .col-inner {\n  padding: 0px 15px 0px 15px;\n}\n<\/style>\n<\/div>\n\n\t\t<\/div>\n\t\t\n<style>\n#col-1653145116 > .col-inner {\n  padding: 50px 20px 0px 20px;\n  margin: -0 0px 0px 0px;\n}\n@media (min-width:550px) {\n  #col-1653145116 > .col-inner {\n    padding: 50px 20px 30px 20px;\n    margin: 0 0px 0px 0px;\n  }\n}\n@media (min-width:850px) {\n  #col-1653145116 > .col-inner {\n    padding: 66px 5% 16px 5%;\n  }\n}\n<\/style>\n\t<\/div>\n\n\t\n\n<\/div>\n<div class=\"row row-collapse row-full-width\"  id=\"row-883237358\">\n\n\n\t<div id=\"col-1303155828\" class=\"col small-12 large-12\"  >\n\t\t<div class=\"col-inner\"  >\n\t\t\t\n\t\t\t\n\n<p><iframe loading=\"lazy\" src=\"https:\/\/www.google.com\/maps\/embed?pb=!1m14!1m8!1m3!1d6544.584751911291!2d106.68868010273125!3d10.762797185620004!3m2!1i1024!2i768!4f13.1!3m3!1m2!1s0x0%3A0x2cc09dcf7d479f2b!2zVmnhu4duIFRo4bqpbSBN4bu5IEtoxqEgVGjhu4sgLSAyMjIgVHLhuqduIEjGsG5nIMSQ4bqhbw!5e0!3m2!1svi!2sus!4v1605361168466!5m2!1svi!2sus\" width=\"100%\" height=\"450\" frameborder=\"0\" style=\"border:0;\" allowfullscreen=\"\" aria-hidden=\"false\" tabindex=\"0\"><\/iframe><\/p>\n<p>&nbsp;<\/p>\n\n\t\t<\/div>\n\t\t\n<style>\n#col-1303155828 > .col-inner {\n  padding: 0px 30px 0px 30px;\n}\n<\/style>\n\t<\/div>\n\n\t\n\n<\/div>\n\n","protected":false},"excerpt":{"rendered":"","protected":false},"author":1,"featured_media":2764,"parent":0,"menu_order":0,"comment_status":"closed","ping_status":"closed","template":"page-blank.php","meta":[],"yoast_head":"<!-- This site is optimized with the Yoast SEO Premium plugin v17.9 (Yoast SEO v17.9) - https:\/\/yoast.com\/wordpress\/plugins\/seo\/ -->\n<title>Th\u00f4ng tin li\u00ean h\u1ec7 v\u1edbi Vi\u1ec7n Th\u1ea9m M\u1ef9 Kh\u01a1 Th\u1ecb<\/title>\n<meta name=\"description\" content=\"Th\u00f4ng tin li\u00ean h\u1ec7 v\u1edbi Vi\u1ec7n Th\u1ea9m M\u1ef9 Kh\u01a1 Th\u1ecb | \u0110\u1ecba ch\u1ec9 | Hotline | B\u1ea3n \u0111\u1ed3 | Y\u00eau c\u1ea7u t\u01b0 v\u1ea5n t\u1eeb VTM Kh\u01a1 Th\u1ecb.\" \/>\n<meta name=\"robots\" content=\"index, follow, max-snippet:-1, max-image-preview:large, max-video-preview:-1\" \/>\n<link rel=\"canonical\" href=\"https:\/\/vienthammykhothi.vn\/lien-he.html\" \/>\n<meta property=\"og:locale\" content=\"vi_VN\" \/>\n<meta property=\"og:type\" content=\"article\" \/>\n<meta property=\"og:title\" content=\"Li\u00ean h\u1ec7\" \/>\n<meta property=\"og:description\" content=\"Th\u00f4ng tin li\u00ean h\u1ec7 v\u1edbi Vi\u1ec7n Th\u1ea9m M\u1ef9 Kh\u01a1 Th\u1ecb | \u0110\u1ecba ch\u1ec9 | Hotline | B\u1ea3n \u0111\u1ed3 | Y\u00eau c\u1ea7u t\u01b0 v\u1ea5n t\u1eeb VTM Kh\u01a1 Th\u1ecb.\" \/>\n<meta property=\"og:url\" content=\"https:\/\/vienthammykhothi.vn\/lien-he.html\" \/>\n<meta property=\"og:site_name\" content=\"VTM Kh\u01a1 Th\u1ecb\" \/>\n<meta property=\"article:publisher\" content=\"https:\/\/www.facebook.com\/vienthammykhothi\" \/>\n<meta property=\"article:modified_time\" content=\"2021-09-15T16:29:50+00:00\" \/>\n<meta property=\"og:image\" content=\"https:\/\/dhcs.vn\/vtm\/wp-content\/uploads\/2016\/08\/dummy-1.jpg\" \/>\n\t<meta property=\"og:image:width\" content=\"400\" \/>\n\t<meta property=\"og:image:height\" content=\"260\" \/>\n\t<meta property=\"og:image:type\" content=\"image\/jpeg\" \/>\n<meta name=\"twitter:card\" content=\"summary_large_image\" \/>\n<meta name=\"twitter:label1\" content=\"\u01af\u1edbc t\u00ednh th\u1eddi gian \u0111\u1ecdc\" \/>\n\t<meta name=\"twitter:data1\" content=\"1 ph\u00fat\" \/>\n<script type=\"application\/ld+json\" class=\"yoast-schema-graph\">{\"@context\":\"https:\/\/schema.org\",\"@graph\":[{\"@type\":\"Organization\",\"@id\":\"https:\/\/dhcs.vn\/vtm\/#organization\",\"name\":\"Vi\\u1ec7n Th\\u1ea9m M\\u1ef9 Kh\\u01a1 Th\\u1ecb\",\"url\":\"https:\/\/dhcs.vn\/vtm\/\",\"sameAs\":[\"https:\/\/www.facebook.com\/vienthammykhothi\",\"https:\/\/www.youtube.com\/channel\/UCa27aWCwXej33_Cq5c3zFwA\"],\"logo\":{\"@type\":\"ImageObject\",\"@id\":\"https:\/\/dhcs.vn\/vtm\/#logo\",\"inLanguage\":\"vi\",\"url\":\"https:\/\/dhcs.vn\/vtm\/wp-content\/uploads\/2021\/07\/logo.png\",\"contentUrl\":\"https:\/\/dhcs.vn\/vtm\/wp-content\/uploads\/2021\/07\/logo.png\",\"width\":218,\"height\":107,\"caption\":\"Vi\\u1ec7n Th\\u1ea9m M\\u1ef9 Kh\\u01a1 Th\\u1ecb\"},\"image\":{\"@id\":\"https:\/\/dhcs.vn\/vtm\/#logo\"}},{\"@type\":\"WebSite\",\"@id\":\"https:\/\/dhcs.vn\/vtm\/#website\",\"url\":\"https:\/\/dhcs.vn\/vtm\/\",\"name\":\"VTM Kh\\u01a1 Th\\u1ecb\",\"description\":\"\",\"publisher\":{\"@id\":\"https:\/\/dhcs.vn\/vtm\/#organization\"},\"potentialAction\":[{\"@type\":\"SearchAction\",\"target\":{\"@type\":\"EntryPoint\",\"urlTemplate\":\"https:\/\/dhcs.vn\/vtm\/?s={search_term_string}\"},\"query-input\":\"required name=search_term_string\"}],\"inLanguage\":\"vi\"},{\"@type\":\"ImageObject\",\"@id\":\"https:\/\/vienthammykhothi.vn\/lien-he.html#primaryimage\",\"inLanguage\":\"vi\",\"url\":\"https:\/\/dhcs.vn\/vtm\/wp-content\/uploads\/2016\/08\/dummy-1.jpg\",\"contentUrl\":\"https:\/\/dhcs.vn\/vtm\/wp-content\/uploads\/2016\/08\/dummy-1.jpg\",\"width\":400,\"height\":260},{\"@type\":\"WebPage\",\"@id\":\"https:\/\/vienthammykhothi.vn\/lien-he.html#webpage\",\"url\":\"https:\/\/vienthammykhothi.vn\/lien-he.html\",\"name\":\"Th\\u00f4ng tin li\\u00ean h\\u1ec7 v\\u1edbi Vi\\u1ec7n Th\\u1ea9m M\\u1ef9 Kh\\u01a1 Th\\u1ecb\",\"isPartOf\":{\"@id\":\"https:\/\/dhcs.vn\/vtm\/#website\"},\"primaryImageOfPage\":{\"@id\":\"https:\/\/vienthammykhothi.vn\/lien-he.html#primaryimage\"},\"datePublished\":\"2013-08-11T19:22:53+00:00\",\"dateModified\":\"2021-09-15T16:29:50+00:00\",\"description\":\"Th\\u00f4ng tin li\\u00ean h\\u1ec7 v\\u1edbi Vi\\u1ec7n Th\\u1ea9m M\\u1ef9 Kh\\u01a1 Th\\u1ecb | \\u0110\\u1ecba ch\\u1ec9 | Hotline | B\\u1ea3n \\u0111\\u1ed3 | Y\\u00eau c\\u1ea7u t\\u01b0 v\\u1ea5n t\\u1eeb VTM Kh\\u01a1 Th\\u1ecb.\",\"breadcrumb\":{\"@id\":\"https:\/\/vienthammykhothi.vn\/lien-he.html#breadcrumb\"},\"inLanguage\":\"vi\",\"potentialAction\":[{\"@type\":\"ReadAction\",\"target\":[\"https:\/\/vienthammykhothi.vn\/lien-he.html\"]}]},{\"@type\":\"BreadcrumbList\",\"@id\":\"https:\/\/vienthammykhothi.vn\/lien-he.html#breadcrumb\",\"itemListElement\":[{\"@type\":\"ListItem\",\"position\":1,\"name\":\"Trang ch\\u1ee7\",\"item\":\"https:\/\/dhcs.vn\/vtm\/\"},{\"@type\":\"ListItem\",\"position\":2,\"name\":\"Li\\u00ean h\\u1ec7\"}]}]}<\/script>\n<!-- \/ Yoast SEO Premium plugin. -->","yoast_head_json":{"title":"Th\u00f4ng tin li\u00ean h\u1ec7 v\u1edbi Vi\u1ec7n Th\u1ea9m M\u1ef9 Kh\u01a1 Th\u1ecb","description":"Th\u00f4ng tin li\u00ean h\u1ec7 v\u1edbi Vi\u1ec7n Th\u1ea9m M\u1ef9 Kh\u01a1 Th\u1ecb | \u0110\u1ecba ch\u1ec9 | Hotline | B\u1ea3n \u0111\u1ed3 | Y\u00eau c\u1ea7u t\u01b0 v\u1ea5n t\u1eeb VTM Kh\u01a1 Th\u1ecb.","robots":{"index":"index","follow":"follow","max-snippet":"max-snippet:-1","max-image-preview":"max-image-preview:large","max-video-preview":"max-video-preview:-1"},"canonical":"https:\/\/vienthammykhothi.vn\/lien-he.html","og_locale":"vi_VN","og_type":"article","og_title":"Li\u00ean h\u1ec7","og_description":"Th\u00f4ng tin li\u00ean h\u1ec7 v\u1edbi Vi\u1ec7n Th\u1ea9m M\u1ef9 Kh\u01a1 Th\u1ecb | \u0110\u1ecba ch\u1ec9 | Hotline | B\u1ea3n \u0111\u1ed3 | Y\u00eau c\u1ea7u t\u01b0 v\u1ea5n t\u1eeb VTM Kh\u01a1 Th\u1ecb.","og_url":"https:\/\/vienthammykhothi.vn\/lien-he.html","og_site_name":"VTM Kh\u01a1 Th\u1ecb","article_publisher":"https:\/\/www.facebook.com\/vienthammykhothi","article_modified_time":"2021-09-15T16:29:50+00:00","og_image":[{"width":400,"height":260,"url":"https:\/\/dhcs.vn\/vtm\/wp-content\/uploads\/2016\/08\/dummy-1.jpg","type":"image\/jpeg"}],"twitter_card":"summary_large_image","twitter_misc":{"\u01af\u1edbc t\u00ednh th\u1eddi gian \u0111\u1ecdc":"1 ph\u00fat"},"schema":{"@context":"https:\/\/schema.org","@graph":[{"@type":"Organization","@id":"https:\/\/dhcs.vn\/vtm\/#organization","name":"Vi\u1ec7n Th\u1ea9m M\u1ef9 Kh\u01a1 Th\u1ecb","url":"https:\/\/dhcs.vn\/vtm\/","sameAs":["https:\/\/www.facebook.com\/vienthammykhothi","https:\/\/www.youtube.com\/channel\/UCa27aWCwXej33_Cq5c3zFwA"],"logo":{"@type":"ImageObject","@id":"https:\/\/dhcs.vn\/vtm\/#logo","inLanguage":"vi","url":"https:\/\/dhcs.vn\/vtm\/wp-content\/uploads\/2021\/07\/logo.png","contentUrl":"https:\/\/dhcs.vn\/vtm\/wp-content\/uploads\/2021\/07\/logo.png","width":218,"height":107,"caption":"Vi\u1ec7n Th\u1ea9m M\u1ef9 Kh\u01a1 Th\u1ecb"},"image":{"@id":"https:\/\/dhcs.vn\/vtm\/#logo"}},{"@type":"WebSite","@id":"https:\/\/dhcs.vn\/vtm\/#website","url":"https:\/\/dhcs.vn\/vtm\/","name":"VTM Kh\u01a1 Th\u1ecb","description":"","publisher":{"@id":"https:\/\/dhcs.vn\/vtm\/#organization"},"potentialAction":[{"@type":"SearchAction","target":{"@type":"EntryPoint","urlTemplate":"https:\/\/dhcs.vn\/vtm\/?s={search_term_string}"},"query-input":"required name=search_term_string"}],"inLanguage":"vi"},{"@type":"ImageObject","@id":"https:\/\/vienthammykhothi.vn\/lien-he.html#primaryimage","inLanguage":"vi","url":"https:\/\/dhcs.vn\/vtm\/wp-content\/uploads\/2016\/08\/dummy-1.jpg","contentUrl":"https:\/\/dhcs.vn\/vtm\/wp-content\/uploads\/2016\/08\/dummy-1.jpg","width":400,"height":260},{"@type":"WebPage","@id":"https:\/\/vienthammykhothi.vn\/lien-he.html#webpage","url":"https:\/\/vienthammykhothi.vn\/lien-he.html","name":"Th\u00f4ng tin li\u00ean h\u1ec7 v\u1edbi Vi\u1ec7n Th\u1ea9m M\u1ef9 Kh\u01a1 Th\u1ecb","isPartOf":{"@id":"https:\/\/dhcs.vn\/vtm\/#website"},"primaryImageOfPage":{"@id":"https:\/\/vienthammykhothi.vn\/lien-he.html#primaryimage"},"datePublished":"2013-08-11T19:22:53+00:00","dateModified":"2021-09-15T16:29:50+00:00","description":"Th\u00f4ng tin li\u00ean h\u1ec7 v\u1edbi Vi\u1ec7n Th\u1ea9m M\u1ef9 Kh\u01a1 Th\u1ecb | \u0110\u1ecba ch\u1ec9 | Hotline | B\u1ea3n \u0111\u1ed3 | Y\u00eau c\u1ea7u t\u01b0 v\u1ea5n t\u1eeb VTM Kh\u01a1 Th\u1ecb.","breadcrumb":{"@id":"https:\/\/vienthammykhothi.vn\/lien-he.html#breadcrumb"},"inLanguage":"vi","potentialAction":[{"@type":"ReadAction","target":["https:\/\/vienthammykhothi.vn\/lien-he.html"]}]},{"@type":"BreadcrumbList","@id":"https:\/\/vienthammykhothi.vn\/lien-he.html#breadcrumb","itemListElement":[{"@type":"ListItem","position":1,"name":"Trang ch\u1ee7","item":"https:\/\/dhcs.vn\/vtm\/"},{"@type":"ListItem","position":2,"name":"Li\u00ean h\u1ec7"}]}]}},"_links":{"self":[{"href":"https:\/\/dhcs.vn\/vtm\/wp-json\/wp\/v2\/pages\/2844"}],"collection":[{"href":"https:\/\/dhcs.vn\/vtm\/wp-json\/wp\/v2\/pages"}],"about":[{"href":"https:\/\/dhcs.vn\/vtm\/wp-json\/wp\/v2\/types\/page"}],"author":[{"embeddable":true,"href":"https:\/\/dhcs.vn\/vtm\/wp-json\/wp\/v2\/users\/1"}],"replies":[{"embeddable":true,"href":"https:\/\/dhcs.vn\/vtm\/wp-json\/wp\/v2\/comments?post=2844"}],"version-history":[{"count":29,"href":"https:\/\/dhcs.vn\/vtm\/wp-json\/wp\/v2\/pages\/2844\/revisions"}],"predecessor-version":[{"id":12376,"href":"https:\/\/dhcs.vn\/vtm\/wp-json\/wp\/v2\/pages\/2844\/revisions\/12376"}],"wp:featuredmedia":[{"embeddable":true,"href":"https:\/\/dhcs.vn\/vtm\/wp-json\/wp\/v2\/media\/2764"}],"wp:attachment":[{"href":"https:\/\/dhcs.vn\/vtm\/wp-json\/wp\/v2\/media?parent=2844"}],"curies":[{"name":"wp","href":"https:\/\/api.w.org\/{rel}","templated":true}]}}