{"id":3053,"date":"2020-11-14T08:31:59","date_gmt":"2020-11-14T01:31:59","guid":{"rendered":"https:\/\/vienthammykhothi.vn\/?page_id=3053"},"modified":"2021-09-20T16:14:51","modified_gmt":"2021-09-20T09:14:51","slug":"thu-vien","status":"publish","type":"page","link":"https:\/\/dhcs.vn\/vtm\/thu-vien.html","title":{"rendered":"Th\u01b0 vi\u1ec7n"},"content":{"rendered":"\n\t<div class=\"img has-hover x md-x lg-x y md-y lg-y\" id=\"image_1017052484\">\n\t\t\t\t\t\t\t\t<div class=\"img-inner dark\" >\n\t\t\t<img width=\"1400\" height=\"292\" src=\"https:\/\/dhcs.vn\/vtm\/wp-content\/uploads\/2020\/11\/Banner-web-1-1400x292.jpg\" class=\"attachment-large size-large\" alt=\"\" loading=\"lazy\" srcset=\"https:\/\/dhcs.vn\/vtm\/wp-content\/uploads\/2020\/11\/Banner-web-1-1400x292.jpg 1400w, https:\/\/dhcs.vn\/vtm\/wp-content\/uploads\/2020\/11\/Banner-web-1-800x167.jpg 800w, https:\/\/dhcs.vn\/vtm\/wp-content\/uploads\/2020\/11\/Banner-web-1-768x160.jpg 768w, https:\/\/dhcs.vn\/vtm\/wp-content\/uploads\/2020\/11\/Banner-web-1-1536x320.jpg 1536w, https:\/\/dhcs.vn\/vtm\/wp-content\/uploads\/2020\/11\/Banner-web-1.jpg 1920w\" sizes=\"(max-width: 1400px) 100vw, 1400px\" \/>\t\t\t\t\t\t\n\t\t\t\t\t<\/div>\n\t\t\t\t\t\t\t\t\n<style>\n#image_1017052484 {\n  width: 100%;\n}\n<\/style>\n\t<\/div>\n\t\n\n\t<div id=\"gap-720562449\" class=\"gap-element clearfix\" style=\"display:block; height:auto;\">\n\t\t\n<style>\n#gap-720562449 {\n  padding-top: 30px;\n}\n<\/style>\n\t<\/div>\n\t\n\n<div class=\"row\"  id=\"row-90999541\">\n\n\n\t<div id=\"col-118468083\" class=\"col small-12 large-12\"  >\n\t\t<div class=\"col-inner\"  >\n\t\t\t\n\t\t\t\n\n<span><span><a href=\"https:\/\/dhcs.vn\/vtm\/\">Trang ch\u1ee7<\/a><\/span>\n<p style=\"text-align: center;\"><span style=\"font-size: 200%;\"><strong>Th\u01b0 vi\u1ec7n h\u00ecnh \u1ea3nh<\/strong><\/span><\/p>\n\n\t\t<\/div>\n\t\t\t<\/div>\n\n\t\n\n<\/div>\n<div class=\"row\"  id=\"row-187776382\">\n\n\n\t<div id=\"col-101401178\" class=\"col small-12 large-12\"  >\n\t\t<div class=\"col-inner\"  >\n\t\t\t\n\t\t\t\n\n\n  \n    <div id=\"row-381949614\" class=\"row large-columns-2 medium-columns-1 small-columns-1 row-small row-masonry\" data-packery-options='{\"itemSelector\": \".col\", \"gutter\": 0, \"presentageWidth\" : true}'>\n\n  \t\t<div class=\"col post-item\" >\n\t\t\t<div class=\"col-inner\">\n\t\t\t<a href=\"https:\/\/dhcs.vn\/vtm\/mot-vong-tham-quan-kho-thi.html\" class=\"plain\">\n\t\t\t\t<div class=\"box box-normal box-text-bottom box-blog-post has-hover\">\n            \t\t\t\t\t<div class=\"box-image\" >\n  \t\t\t\t\t\t<div class=\"image-zoom image-cover\" style=\"padding-top:56%;\">\n  \t\t\t\t\t\t\t<img width=\"660\" height=\"446\" src=\"https:\/\/dhcs.vn\/vtm\/wp-content\/uploads\/2021\/07\/image-13.jpg\" class=\"attachment-medium size-medium wp-post-image\" alt=\"\" loading=\"lazy\" \/>  \t\t\t\t\t\t\t  \t\t\t\t\t\t\t  \t\t\t\t\t\t<\/div>\n  \t\t\t\t\t\t  \t\t\t\t\t<\/div>\n          \t\t\t\t\t<div class=\"box-text text-center\" >\n\t\t\t\t\t<div class=\"box-text-inner blog-post-inner\">\n\n\t\t\t\t\t\n\t\t\t\t\t\t\t\t\t\t<p class=\"post-title is-small \">M\u1ed9t v\u00f2ng tham quan Kh\u01a1 Th\u1ecb<\/p>\n\t\t\t\t\t\t\t\t\t\t<div class=\"is-divider\"><\/div>\n\t\t\t\t\t                    \n\t\t\t\t\t\n\t\t\t\t\t\n\t\t\t\t\t<\/div>\n\t\t\t\t\t<\/div>\n\t\t\t\t\t\t\t\t\t<\/div>\n\t\t\t\t<\/a>\n\t\t\t<\/div>\n\t\t<\/div>\n\t\t<div class=\"col post-item\" >\n\t\t\t<div class=\"col-inner\">\n\t\t\t<a href=\"https:\/\/dhcs.vn\/vtm\/nhung-lieu-trinh-cua-kho-thi.html\" class=\"plain\">\n\t\t\t\t<div class=\"box box-normal box-text-bottom box-blog-post has-hover\">\n            \t\t\t\t\t<div class=\"box-image\" >\n  \t\t\t\t\t\t<div class=\"image-zoom image-cover\" style=\"padding-top:56%;\">\n  \t\t\t\t\t\t\t<img width=\"800\" height=\"533\" src=\"https:\/\/dhcs.vn\/vtm\/wp-content\/uploads\/2021\/07\/050917_TAM-TRANG_NGUYEN-THI-THANH_018.jpg\" class=\"attachment-medium size-medium wp-post-image\" alt=\"\" loading=\"lazy\" srcset=\"https:\/\/dhcs.vn\/vtm\/wp-content\/uploads\/2021\/07\/050917_TAM-TRANG_NGUYEN-THI-THANH_018.jpg 800w, https:\/\/dhcs.vn\/vtm\/wp-content\/uploads\/2021\/07\/050917_TAM-TRANG_NGUYEN-THI-THANH_018-768x512.jpg 768w\" sizes=\"(max-width: 800px) 100vw, 800px\" \/>  \t\t\t\t\t\t\t  \t\t\t\t\t\t\t  \t\t\t\t\t\t<\/div>\n  \t\t\t\t\t\t  \t\t\t\t\t<\/div>\n          \t\t\t\t\t<div class=\"box-text text-center\" >\n\t\t\t\t\t<div class=\"box-text-inner blog-post-inner\">\n\n\t\t\t\t\t\n\t\t\t\t\t\t\t\t\t\t<p class=\"post-title is-small \">Nh\u1eefng li\u1ec7u tr\u00ecnh c\u1ee7a Kh\u01a1 Th\u1ecb<\/p>\n\t\t\t\t\t\t\t\t\t\t<div class=\"is-divider\"><\/div>\n\t\t\t\t\t                    \n\t\t\t\t\t\n\t\t\t\t\t\n\t\t\t\t\t<\/div>\n\t\t\t\t\t<\/div>\n\t\t\t\t\t\t\t\t\t<\/div>\n\t\t\t\t<\/a>\n\t\t\t<\/div>\n\t\t<\/div>\n<\/div>\n\n\n\t\t<\/div>\n\t\t\t<\/div>\n\n\t\n\n<\/div>\n<div class=\"row\"  id=\"row-1210916447\">\n\n\n\t<div id=\"col-1483486280\" class=\"col small-12 large-12\"  >\n\t\t<div class=\"col-inner\"  >\n\t\t\t\n\t\t\t\n\n\n  \n    <div class=\"row large-columns-3 medium-columns-1 small-columns-1 row-small\">\n  \t\t<div class=\"col post-item\" >\n\t\t\t<div class=\"col-inner\">\n\t\t\t<a href=\"https:\/\/dhcs.vn\/vtm\/trang-thiet-bi-cua-kho-thi.html\" class=\"plain\">\n\t\t\t\t<div class=\"box box-normal box-text-bottom box-blog-post has-hover\">\n            \t\t\t\t\t<div class=\"box-image\" >\n  \t\t\t\t\t\t<div class=\"image-zoom image-cover\" style=\"padding-top:56%;\">\n  \t\t\t\t\t\t\t<img width=\"430\" height=\"287\" src=\"https:\/\/dhcs.vn\/vtm\/wp-content\/uploads\/2021\/07\/image-16.jpg\" class=\"attachment-medium size-medium wp-post-image\" alt=\"\" loading=\"lazy\" \/>  \t\t\t\t\t\t\t  \t\t\t\t\t\t\t  \t\t\t\t\t\t<\/div>\n  \t\t\t\t\t\t  \t\t\t\t\t<\/div>\n          \t\t\t\t\t<div class=\"box-text text-center\" >\n\t\t\t\t\t<div class=\"box-text-inner blog-post-inner\">\n\n\t\t\t\t\t\n\t\t\t\t\t\t\t\t\t\t<p class=\"post-title is-small \">Trang thi\u1ebft b\u1ecb c\u1ee7a Kh\u01a1 Th\u1ecb<\/p>\n\t\t\t\t\t\t\t\t\t\t<div class=\"is-divider\"><\/div>\n\t\t\t\t\t                    \n\t\t\t\t\t\n\t\t\t\t\t\n\t\t\t\t\t<\/div>\n\t\t\t\t\t<\/div>\n\t\t\t\t\t\t\t\t\t<\/div>\n\t\t\t\t<\/a>\n\t\t\t<\/div>\n\t\t<\/div>\n\t\t<div class=\"col post-item\" >\n\t\t\t<div class=\"col-inner\">\n\t\t\t<a href=\"https:\/\/dhcs.vn\/vtm\/kho-thi-va-nguoi-noi-tieng.html\" class=\"plain\">\n\t\t\t\t<div class=\"box box-normal box-text-bottom box-blog-post has-hover\">\n            \t\t\t\t\t<div class=\"box-image\" >\n  \t\t\t\t\t\t<div class=\"image-zoom image-cover\" style=\"padding-top:56%;\">\n  \t\t\t\t\t\t\t<img width=\"800\" height=\"533\" src=\"https:\/\/dhcs.vn\/vtm\/wp-content\/uploads\/2021\/07\/dan-sao-dinh-dam-tham-gia-su-1564476762-HTynwb-2.jpg\" class=\"attachment-medium size-medium wp-post-image\" alt=\"\" loading=\"lazy\" srcset=\"https:\/\/dhcs.vn\/vtm\/wp-content\/uploads\/2021\/07\/dan-sao-dinh-dam-tham-gia-su-1564476762-HTynwb-2.jpg 800w, https:\/\/dhcs.vn\/vtm\/wp-content\/uploads\/2021\/07\/dan-sao-dinh-dam-tham-gia-su-1564476762-HTynwb-2-768x512.jpg 768w\" sizes=\"(max-width: 800px) 100vw, 800px\" \/>  \t\t\t\t\t\t\t  \t\t\t\t\t\t\t  \t\t\t\t\t\t<\/div>\n  \t\t\t\t\t\t  \t\t\t\t\t<\/div>\n          \t\t\t\t\t<div class=\"box-text text-center\" >\n\t\t\t\t\t<div class=\"box-text-inner blog-post-inner\">\n\n\t\t\t\t\t\n\t\t\t\t\t\t\t\t\t\t<p class=\"post-title is-small \">Kh\u01a1 Th\u1ecb v\u00e0 ng\u01b0\u1eddi n\u1ed5i ti\u1ebfng<\/p>\n\t\t\t\t\t\t\t\t\t\t<div class=\"is-divider\"><\/div>\n\t\t\t\t\t                    \n\t\t\t\t\t\n\t\t\t\t\t\n\t\t\t\t\t<\/div>\n\t\t\t\t\t<\/div>\n\t\t\t\t\t\t\t\t\t<\/div>\n\t\t\t\t<\/a>\n\t\t\t<\/div>\n\t\t<\/div>\n\t\t<div class=\"col post-item\" >\n\t\t\t<div class=\"col-inner\">\n\t\t\t<a href=\"https:\/\/dhcs.vn\/vtm\/khach-hang-cua-kho-thi-before-after.html\" class=\"plain\">\n\t\t\t\t<div class=\"box box-normal box-text-bottom box-blog-post has-hover\">\n            \t\t\t\t\t<div class=\"box-image\" >\n  \t\t\t\t\t\t<div class=\"image-zoom image-cover\" style=\"padding-top:56%;\">\n  \t\t\t\t\t\t\t<img width=\"430\" height=\"287\" src=\"https:\/\/dhcs.vn\/vtm\/wp-content\/uploads\/2021\/07\/image-14.jpg\" class=\"attachment-medium size-medium wp-post-image\" alt=\"\" loading=\"lazy\" \/>  \t\t\t\t\t\t\t  \t\t\t\t\t\t\t  \t\t\t\t\t\t<\/div>\n  \t\t\t\t\t\t  \t\t\t\t\t<\/div>\n          \t\t\t\t\t<div class=\"box-text text-center\" >\n\t\t\t\t\t<div class=\"box-text-inner blog-post-inner\">\n\n\t\t\t\t\t\n\t\t\t\t\t\t\t\t\t\t<p class=\"post-title is-small \">Kh\u00e1ch h\u00e0ng c\u1ee7a Kh\u01a1 Th\u1ecb &#8211; Before\/After<\/p>\n\t\t\t\t\t\t\t\t\t\t<div class=\"is-divider\"><\/div>\n\t\t\t\t\t                    \n\t\t\t\t\t\n\t\t\t\t\t\n\t\t\t\t\t<\/div>\n\t\t\t\t\t<\/div>\n\t\t\t\t\t\t\t\t\t<\/div>\n\t\t\t\t<\/a>\n\t\t\t<\/div>\n\t\t<\/div>\n<\/div>\n\n\n\t\t<\/div>\n\t\t\t<\/div>\n\n\t\n\n<\/div>\n\n<div class=\"row\"  id=\"row-712753093\">\n\n\n\t<div id=\"col-963311503\" class=\"col small-12 large-12\"  >\n\t\t<div class=\"col-inner\"  >\n\t\t\t\n\t\t\t\n\n<p style=\"text-align: center;\"><span style=\"font-size: 200%;\"><strong>Th\u01b0 vi\u1ec7n Video<\/strong><\/span><\/p>\n\n\t\t<\/div>\n\t\t\t<\/div>\n\n\t\n\n<\/div>\n<div class=\"row\"  id=\"row-1618229101\">\n\n\n\t<div id=\"col-1067836424\" class=\"col medium-4 small-12 large-4\"  >\n\t\t<div class=\"col-inner\"  >\n\t\t\t\n\t\t\t\n\n<div class=\"video video-fit mb\" style=\"padding-top:56.25%;\"><iframe loading=\"lazy\" title=\"GI\u00c1M \u0110\u1ed0C S\u00c1NG T\u1ea0O HO\u00c0NG ANH &quot;B\u1ee4NG 6 M\u00daI&quot; SAU 2 TU\u1ea6N GI\u1ea2M C\u00c2N\" width=\"1020\" height=\"574\" src=\"https:\/\/www.youtube.com\/embed\/A0B5ZqTGjQs?feature=oembed\" frameborder=\"0\" allow=\"accelerometer; autoplay; clipboard-write; encrypted-media; gyroscope; picture-in-picture\" allowfullscreen><\/iframe><\/div>\n\n\n\t\t<\/div>\n\t\t\t<\/div>\n\n\t\n\n\t<div id=\"col-1489545867\" class=\"col medium-4 small-12 large-4\"  >\n\t\t<div class=\"col-inner\"  >\n\t\t\t\n\t\t\t\n\n<div class=\"video video-fit mb\" style=\"padding-top:56.25%;\"><p><iframe loading=\"lazy\" title=\"CH\u1eca QU\u1ef2NH GI\u1ea2M NGO\u1ea0N M\u1ee4C 14,4 KG SAU SINH\" width=\"1020\" height=\"574\" src=\"https:\/\/www.youtube.com\/embed\/9y63BMHvVkU?feature=oembed\" frameborder=\"0\" allow=\"accelerometer; autoplay; clipboard-write; encrypted-media; gyroscope; picture-in-picture\" allowfullscreen><\/iframe><\/p>\n<\/div>\n\n\n\t\t<\/div>\n\t\t\t<\/div>\n\n\t\n\n\t<div id=\"col-1149144485\" class=\"col medium-4 small-12 large-4\"  >\n\t\t<div class=\"col-inner\"  >\n\t\t\t\n\t\t\t\n\n<div class=\"video video-fit mb\" style=\"padding-top:56.25%;\"><p><iframe loading=\"lazy\" title=\"CH\u1eca HI\u1ec0N GI\u1ea2M C\u00c2N C\u1ea4P T\u1ed0C 15,5KG SAU HAI TH\u00c1NG\" width=\"1020\" height=\"574\" src=\"https:\/\/www.youtube.com\/embed\/V5ylqF__C0Q?feature=oembed\" frameborder=\"0\" allow=\"accelerometer; autoplay; clipboard-write; encrypted-media; gyroscope; picture-in-picture\" allowfullscreen><\/iframe><\/p>\n<\/div>\n\n\n\t\t<\/div>\n\t\t\t<\/div>\n\n\t\n\n<\/div>\n<div class=\"row\"  id=\"row-389569781\">\n\n\n\t<div id=\"col-1494792271\" class=\"col medium-4 small-12 large-4\"  >\n\t\t<div class=\"col-inner\"  >\n\t\t\t\n\t\t\t\n\n<div class=\"video video-fit mb\" style=\"padding-top:56.25%;\"><p><iframe loading=\"lazy\" title=\"B\u00cd M\u1eacT \u0110\u1eb0NG SAU DI\u1ec6N M\u1ea0O TR\u1eba TRUNG B\u1ea4T NG\u1edc C\u1ee6A NS\u01afT KIM T\u1eec LONG\" width=\"1020\" height=\"574\" src=\"https:\/\/www.youtube.com\/embed\/qHyYtCEQEFo?feature=oembed\" frameborder=\"0\" allow=\"accelerometer; autoplay; clipboard-write; encrypted-media; gyroscope; picture-in-picture\" allowfullscreen><\/iframe><\/p>\n<\/div>\n\n\n\t\t<\/div>\n\t\t\t<\/div>\n\n\t\n\n\t<div id=\"col-1055152036\" class=\"col medium-4 small-12 large-4\"  >\n\t\t<div class=\"col-inner\"  >\n\t\t\t\n\t\t\t\n\n<div class=\"video video-fit mb\" style=\"padding-top:56.25%;\"><p><iframe loading=\"lazy\" title=\"&quot;B\u1eacT M\u00cd&quot; LI\u1ec6U TR\u00ccNH GI\u00daP NS\u01afT TH\u00c0NH L\u1ed8C C\u00d3 \u0110\u01af\u1ee2C DI\u1ec6N M\u1ea0O C\u1ee6A &quot;CH\u00c0NG THANH NI\u00caN 30 TU\u1ed4I&quot;\" width=\"1020\" height=\"574\" src=\"https:\/\/www.youtube.com\/embed\/1mbT9Bslalw?feature=oembed\" frameborder=\"0\" allow=\"accelerometer; autoplay; clipboard-write; encrypted-media; gyroscope; picture-in-picture\" allowfullscreen><\/iframe><\/p>\n<\/div>\n\n\n\t\t<\/div>\n\t\t\t<\/div>\n\n\t\n\n\t<div id=\"col-1884774311\" class=\"col medium-4 small-12 large-4\"  >\n\t\t<div class=\"col-inner\"  >\n\t\t\t\n\t\t\t\n\n<div class=\"video video-fit mb\" style=\"padding-top:56.25%;\"><p><iframe loading=\"lazy\" title=\"PH\u00c2N BI\u1ec6T THERMAGE FLX V\u00c0 CPT. MU\u1ed0N C\u0102NG DA B\u1eb0NG THERMAGE FLX NH\u1ea4T \u0110\u1ecaNH PH\u1ea2I BI\u1ebeT NH\u1eeeNG S\u1ef0 TH\u1eacT N\u00c0Y!\" width=\"1020\" height=\"574\" src=\"https:\/\/www.youtube.com\/embed\/YpkwwH7ubRc?feature=oembed\" frameborder=\"0\" allow=\"accelerometer; autoplay; clipboard-write; encrypted-media; gyroscope; picture-in-picture\" allowfullscreen><\/iframe><\/p>\n<\/div>\n\n\n\t\t<\/div>\n\t\t\t<\/div>\n\n\t\n\n<\/div>\n<div class=\"row\"  id=\"row-876004994\">\n\n\n\t<div id=\"col-1137544015\" class=\"col medium-4 small-12 large-4\"  >\n\t\t<div class=\"col-inner\"  >\n\t\t\t\n\t\t\t\n\n<div class=\"video video-fit mb\" style=\"padding-top:56.25%;\"><p><iframe loading=\"lazy\" title=\"Kh\u00f4ng tin v\u00e0o m\u1eaft m\u00ecnh sau khi s\u1eeda l\u1ea1i m\u0169i h\u1ecfng v\u00ec qu\u00e1 \u0111\u1eb9p!\" width=\"1020\" height=\"574\" src=\"https:\/\/www.youtube.com\/embed\/f79KznAQAH8?feature=oembed\" frameborder=\"0\" allow=\"accelerometer; autoplay; clipboard-write; encrypted-media; gyroscope; picture-in-picture\" allowfullscreen><\/iframe><\/p>\n<\/div>\n\n\n\t\t<\/div>\n\t\t\t<\/div>\n\n\t\n\n\t<div id=\"col-1536836881\" class=\"col medium-4 small-12 large-4\"  >\n\t\t<div class=\"col-inner\"  >\n\t\t\t\n\t\t\t\n\n<div class=\"video video-fit mb\" style=\"padding-top:56.25%;\"><p><iframe loading=\"lazy\" title=\"NS\u01afT TH\u00c0NH L\u1ed8C B\u1ea4T NG\u1edc CHIA S\u1eba C\u00c1CH TR\u1eba RA 15 TU\u1ed4I CH\u1ec8 SAU 1 TU\u1ea6N\" width=\"1020\" height=\"574\" src=\"https:\/\/www.youtube.com\/embed\/FrCEeiFdZ2A?feature=oembed\" frameborder=\"0\" allow=\"accelerometer; autoplay; clipboard-write; encrypted-media; gyroscope; picture-in-picture\" allowfullscreen><\/iframe><\/p>\n<\/div>\n\n\n\t\t<\/div>\n\t\t\t<\/div>\n\n\t\n\n\t<div id=\"col-1008722658\" class=\"col medium-4 small-12 large-4\"  >\n\t\t<div class=\"col-inner\"  >\n\t\t\t\n\t\t\t\n\n<div class=\"video video-fit mb\" style=\"padding-top:56.25%;\"><p><iframe loading=\"lazy\" title=\"HOA H\u1eacU THU HO\u00c0I: &quot;M\u1ed8T L\u1ea6N THERMAGE - TR\u1eba RA 10 TU\u1ed4I&quot;\" width=\"1020\" height=\"574\" src=\"https:\/\/www.youtube.com\/embed\/heNbiZJMBZY?feature=oembed\" frameborder=\"0\" allow=\"accelerometer; autoplay; clipboard-write; encrypted-media; gyroscope; picture-in-picture\" allowfullscreen><\/iframe><\/p>\n<\/div>\n\n\n\t\t<\/div>\n\t\t\t<\/div>\n\n\t\n\n<\/div>\n","protected":false},"excerpt":{"rendered":"","protected":false},"author":1,"featured_media":0,"parent":0,"menu_order":0,"comment_status":"closed","ping_status":"closed","template":"","meta":[],"yoast_head":"<!-- This site is optimized with the Yoast SEO Premium plugin v17.9 (Yoast SEO v17.9) - https:\/\/yoast.com\/wordpress\/plugins\/seo\/ -->\n<title>Th\u01b0 vi\u1ec7n<\/title>\n<meta name=\"robots\" content=\"index, follow, max-snippet:-1, max-image-preview:large, max-video-preview:-1\" \/>\n<link rel=\"canonical\" href=\"https:\/\/dhcs.vn\/vtm\/thu-vien.html\" \/>\n<meta property=\"og:locale\" content=\"vi_VN\" \/>\n<meta property=\"og:type\" content=\"article\" \/>\n<meta property=\"og:title\" content=\"Th\u01b0 vi\u1ec7n\" \/>\n<meta property=\"og:url\" content=\"https:\/\/dhcs.vn\/vtm\/thu-vien.html\" \/>\n<meta property=\"og:site_name\" content=\"VTM Kh\u01a1 Th\u1ecb\" \/>\n<meta property=\"article:publisher\" content=\"https:\/\/www.facebook.com\/vienthammykhothi\" \/>\n<meta property=\"article:modified_time\" content=\"2021-09-20T09:14:51+00:00\" \/>\n<meta property=\"og:image\" content=\"https:\/\/dhcs.vn\/vtm\/wp-content\/uploads\/2021\/11\/Nghe-sy-doanh-nhan_Mobile-1024x1024-1.jpg\" \/>\n\t<meta property=\"og:image:width\" content=\"1024\" \/>\n\t<meta property=\"og:image:height\" content=\"1024\" \/>\n\t<meta property=\"og:image:type\" content=\"image\/jpeg\" \/>\n<meta name=\"twitter:card\" content=\"summary_large_image\" \/>\n<script type=\"application\/ld+json\" class=\"yoast-schema-graph\">{\"@context\":\"https:\/\/schema.org\",\"@graph\":[{\"@type\":\"Organization\",\"@id\":\"https:\/\/dhcs.vn\/vtm\/#organization\",\"name\":\"Vi\\u1ec7n Th\\u1ea9m M\\u1ef9 Kh\\u01a1 Th\\u1ecb\",\"url\":\"https:\/\/dhcs.vn\/vtm\/\",\"sameAs\":[\"https:\/\/www.facebook.com\/vienthammykhothi\",\"https:\/\/www.youtube.com\/channel\/UCa27aWCwXej33_Cq5c3zFwA\"],\"logo\":{\"@type\":\"ImageObject\",\"@id\":\"https:\/\/dhcs.vn\/vtm\/#logo\",\"inLanguage\":\"vi\",\"url\":\"https:\/\/dhcs.vn\/vtm\/wp-content\/uploads\/2021\/07\/logo.png\",\"contentUrl\":\"https:\/\/dhcs.vn\/vtm\/wp-content\/uploads\/2021\/07\/logo.png\",\"width\":218,\"height\":107,\"caption\":\"Vi\\u1ec7n Th\\u1ea9m M\\u1ef9 Kh\\u01a1 Th\\u1ecb\"},\"image\":{\"@id\":\"https:\/\/dhcs.vn\/vtm\/#logo\"}},{\"@type\":\"WebSite\",\"@id\":\"https:\/\/dhcs.vn\/vtm\/#website\",\"url\":\"https:\/\/dhcs.vn\/vtm\/\",\"name\":\"VTM Kh\\u01a1 Th\\u1ecb\",\"description\":\"\",\"publisher\":{\"@id\":\"https:\/\/dhcs.vn\/vtm\/#organization\"},\"potentialAction\":[{\"@type\":\"SearchAction\",\"target\":{\"@type\":\"EntryPoint\",\"urlTemplate\":\"https:\/\/dhcs.vn\/vtm\/?s={search_term_string}\"},\"query-input\":\"required name=search_term_string\"}],\"inLanguage\":\"vi\"},{\"@type\":\"WebPage\",\"@id\":\"https:\/\/dhcs.vn\/vtm\/thu-vien.html#webpage\",\"url\":\"https:\/\/dhcs.vn\/vtm\/thu-vien.html\",\"name\":\"Th\\u01b0 vi\\u1ec7n\",\"isPartOf\":{\"@id\":\"https:\/\/dhcs.vn\/vtm\/#website\"},\"datePublished\":\"2020-11-14T01:31:59+00:00\",\"dateModified\":\"2021-09-20T09:14:51+00:00\",\"breadcrumb\":{\"@id\":\"https:\/\/dhcs.vn\/vtm\/thu-vien.html#breadcrumb\"},\"inLanguage\":\"vi\",\"potentialAction\":[{\"@type\":\"ReadAction\",\"target\":[\"https:\/\/dhcs.vn\/vtm\/thu-vien.html\"]}]},{\"@type\":\"BreadcrumbList\",\"@id\":\"https:\/\/dhcs.vn\/vtm\/thu-vien.html#breadcrumb\",\"itemListElement\":[{\"@type\":\"ListItem\",\"position\":1,\"name\":\"Trang ch\\u1ee7\",\"item\":\"https:\/\/dhcs.vn\/vtm\/\"},{\"@type\":\"ListItem\",\"position\":2,\"name\":\"Th\\u01b0 vi\\u1ec7n\"}]}]}<\/script>\n<!-- \/ Yoast SEO Premium plugin. -->","yoast_head_json":{"title":"Th\u01b0 vi\u1ec7n","robots":{"index":"index","follow":"follow","max-snippet":"max-snippet:-1","max-image-preview":"max-image-preview:large","max-video-preview":"max-video-preview:-1"},"canonical":"https:\/\/dhcs.vn\/vtm\/thu-vien.html","og_locale":"vi_VN","og_type":"article","og_title":"Th\u01b0 vi\u1ec7n","og_url":"https:\/\/dhcs.vn\/vtm\/thu-vien.html","og_site_name":"VTM Kh\u01a1 Th\u1ecb","article_publisher":"https:\/\/www.facebook.com\/vienthammykhothi","article_modified_time":"2021-09-20T09:14:51+00:00","og_image":[{"width":1024,"height":1024,"url":"https:\/\/dhcs.vn\/vtm\/wp-content\/uploads\/2021\/11\/Nghe-sy-doanh-nhan_Mobile-1024x1024-1.jpg","type":"image\/jpeg"}],"twitter_card":"summary_large_image","schema":{"@context":"https:\/\/schema.org","@graph":[{"@type":"Organization","@id":"https:\/\/dhcs.vn\/vtm\/#organization","name":"Vi\u1ec7n Th\u1ea9m M\u1ef9 Kh\u01a1 Th\u1ecb","url":"https:\/\/dhcs.vn\/vtm\/","sameAs":["https:\/\/www.facebook.com\/vienthammykhothi","https:\/\/www.youtube.com\/channel\/UCa27aWCwXej33_Cq5c3zFwA"],"logo":{"@type":"ImageObject","@id":"https:\/\/dhcs.vn\/vtm\/#logo","inLanguage":"vi","url":"https:\/\/dhcs.vn\/vtm\/wp-content\/uploads\/2021\/07\/logo.png","contentUrl":"https:\/\/dhcs.vn\/vtm\/wp-content\/uploads\/2021\/07\/logo.png","width":218,"height":107,"caption":"Vi\u1ec7n Th\u1ea9m M\u1ef9 Kh\u01a1 Th\u1ecb"},"image":{"@id":"https:\/\/dhcs.vn\/vtm\/#logo"}},{"@type":"WebSite","@id":"https:\/\/dhcs.vn\/vtm\/#website","url":"https:\/\/dhcs.vn\/vtm\/","name":"VTM Kh\u01a1 Th\u1ecb","description":"","publisher":{"@id":"https:\/\/dhcs.vn\/vtm\/#organization"},"potentialAction":[{"@type":"SearchAction","target":{"@type":"EntryPoint","urlTemplate":"https:\/\/dhcs.vn\/vtm\/?s={search_term_string}"},"query-input":"required name=search_term_string"}],"inLanguage":"vi"},{"@type":"WebPage","@id":"https:\/\/dhcs.vn\/vtm\/thu-vien.html#webpage","url":"https:\/\/dhcs.vn\/vtm\/thu-vien.html","name":"Th\u01b0 vi\u1ec7n","isPartOf":{"@id":"https:\/\/dhcs.vn\/vtm\/#website"},"datePublished":"2020-11-14T01:31:59+00:00","dateModified":"2021-09-20T09:14:51+00:00","breadcrumb":{"@id":"https:\/\/dhcs.vn\/vtm\/thu-vien.html#breadcrumb"},"inLanguage":"vi","potentialAction":[{"@type":"ReadAction","target":["https:\/\/dhcs.vn\/vtm\/thu-vien.html"]}]},{"@type":"BreadcrumbList","@id":"https:\/\/dhcs.vn\/vtm\/thu-vien.html#breadcrumb","itemListElement":[{"@type":"ListItem","position":1,"name":"Trang ch\u1ee7","item":"https:\/\/dhcs.vn\/vtm\/"},{"@type":"ListItem","position":2,"name":"Th\u01b0 vi\u1ec7n"}]}]}},"_links":{"self":[{"href":"https:\/\/dhcs.vn\/vtm\/wp-json\/wp\/v2\/pages\/3053"}],"collection":[{"href":"https:\/\/dhcs.vn\/vtm\/wp-json\/wp\/v2\/pages"}],"about":[{"href":"https:\/\/dhcs.vn\/vtm\/wp-json\/wp\/v2\/types\/page"}],"author":[{"embeddable":true,"href":"https:\/\/dhcs.vn\/vtm\/wp-json\/wp\/v2\/users\/1"}],"replies":[{"embeddable":true,"href":"https:\/\/dhcs.vn\/vtm\/wp-json\/wp\/v2\/comments?post=3053"}],"version-history":[{"count":10,"href":"https:\/\/dhcs.vn\/vtm\/wp-json\/wp\/v2\/pages\/3053\/revisions"}],"predecessor-version":[{"id":11454,"href":"https:\/\/dhcs.vn\/vtm\/wp-json\/wp\/v2\/pages\/3053\/revisions\/11454"}],"wp:attachment":[{"href":"https:\/\/dhcs.vn\/vtm\/wp-json\/wp\/v2\/media?parent=3053"}],"curies":[{"name":"wp","href":"https:\/\/api.w.org\/{rel}","templated":true}]}}